{"id":666,"date":"2020-08-06T19:10:53","date_gmt":"2020-08-06T19:10:53","guid":{"rendered":"https:\/\/dentalgramacademy.com\/faqs\/"},"modified":"2020-08-06T19:10:53","modified_gmt":"2020-08-06T19:10:53","slug":"faqs","status":"publish","type":"page","link":"https:\/\/dentalgramacademy.com\/en\/faqs\/","title":{"rendered":"FAQs"},"content":{"rendered":"<div id=\"asfaq_sc_search\"><form id=\"asfaq_sc_search_form\" action=\"\" method=\"post\"><input id=\"asfaq_sc_search_input\" type=\"text\" value=\"\" placeholder=\"Search the FAQs...\"><div id=\"asfaq_sc_search_clear\">\u00d7<\/div><\/form><div id=\"asfaq_sc_search_count\"><\/div><\/div>\n<div class='asfaq-shortcode-wrapper'><div class=\"asfaq_item asfaq_item_1212\" data-id=\"1212\"><h3 class=\"asfaq_title\">\u00bfEs realmente posible aprender a realizar el proceso digital de planificaci\u00f3n si no se nada de planificaci\u00f3n digital previamente?<\/h3><div class=\"asfaq_answer\"><p>Por supuesto! Precisamente esa es la misi\u00f3n de Digital MARPE Association. Durante la formaci\u00f3n aprender\u00e1s todo paso a paso para que puedas seguir todos los puntos que debes conocer.<\/p>\n<\/div><\/div><div class=\"asfaq_item asfaq_item_1211\" data-id=\"1211\"><h3 class=\"asfaq_title\">\u00bfQu\u00e9 diferencia a la formaci\u00f3n de Digital MARPE Association de otras?<\/h3><div class=\"asfaq_answer\"><p>La formaci\u00f3n que recibir\u00e1s est\u00e1 basada en mucho tiempo de trabajo cient\u00edfico y cl\u00ednico, que unido a un proceso de laboratorio nos permiten ense\u00f1arte todo el proceso de planificaci\u00f3n y dise\u00f1o de un MARPE digital.<\/p>\n<p>La plataforma que se usa para la formaci\u00f3n es sencilla y din\u00e1mica para que este proceso sea entretenido y f\u00e1cil de incorporar a tu cl\u00ednica por el doctor y por todo el equipo de auxiliares.<\/p>\n<\/div><\/div><div class=\"asfaq_item asfaq_item_1210\" data-id=\"1210\"><h3 class=\"asfaq_title\">\u00bfQu\u00e9 se ense\u00f1a en la formaci\u00f3n y qu\u00e9 consigo por ser miembro de la DMSE Association?<\/h3><div class=\"asfaq_answer\"><p>Durante la formaci\u00f3n te ense\u00f1aremos todo el proceso para  conozcas las caracter\u00edsticas del DMSE, sepas como funciona el proceso de planificaci\u00f3n virtual, de dise\u00f1o digital y de comunicaci\u00f3n con el Centro de Planificaci\u00f3n, Laboratorio y Distribuidores si fuera preciso. Todo esto se ense\u00f1a en el momento que te haces miembro y se te da acceso a la plataforma de Digital MARPE Association.<\/p>\n<p>Por eso tras hacerte miembro, recibir\u00e1s un mail para acceder a la formaci\u00f3n.<\/p>\n<p>Dependiendo de la categor\u00eda de miembro que hayas elegido, tendr\u00e1s unos descuentos u otros en el momento de la compra. Durante la formaci\u00f3n te explicaremos como es el proceso de comunicaci\u00f3n con los diferentes integrantes de la asociaci\u00f3n para comprar tu DMSE de una forma sencilla y autom\u00e1tica.<\/p>\n<p>Tras realizar la formaci\u00f3n, ya podr\u00e1s comprar tus DMSE sin ninguna limitaci\u00f3n, formar\u00e1s parte de un grupo de doctores exclusivos que utilizan el DMSE y tendr\u00e1s acceso exclusivo para usuarios del DMSE a la plataforma de planificaci\u00f3n y dise\u00f1o del DMSE.<\/p>\n<\/div><\/div><div class=\"asfaq_item asfaq_item_1209\" data-id=\"1209\"><h3 class=\"asfaq_title\">\u00bfPuedo pedir el DMSE sin ser miembro?<\/h3><div class=\"asfaq_answer\"><p>S\u00ed. Sin embargo, si no eres miembro de la asociaci\u00f3n no podr\u00e1s beneficiarte de los descuentos en la compra en el DMSE. Este descuento se aplica desde el primer DMSE que compres. <\/p>\n<p>Hacerse miembro, es adem\u00e1s muy recomendable , no s\u00f3lo por el ahorro econ\u00f3mico que supone sino porque realmente y gracias al curso OFICIAL de Planificaci\u00f3n y Dise\u00f1o del DMSE podr\u00e1s conocer todo el proceso de comunicaci\u00f3n con el laboratorio y aprender a manejar la plataforma optimizando as\u00ed todo el flujo digital<\/p>\n<\/div><\/div><div class=\"asfaq_item asfaq_item_1208\" data-id=\"1208\"><h3 class=\"asfaq_title\">Yo ya uso el MSE, \u00bfdebo hacerme miembro?<\/h3><div class=\"asfaq_answer\"><p>Si ya eres usuario del MSE, pero todav\u00eda no eres miembro de DMSE Association, deber\u00e1s hacerlo para poder dar el salto a la planificaci\u00f3n digital. Durante la formaci\u00f3n te ense\u00f1aremos todo el proceso para  conozcas las caracter\u00edsticas del DMSE, sepas como funciona el proceso de planificaci\u00f3n virtual, de dise\u00f1o digital y de comunicaci\u00f3n con el Centro de Planificaci\u00f3n, Laboratorio y Distribuidores si fuera preciso. Todo esto se ense\u00f1a en el momento que te haces miembro y se te da acceso a la plataforma de Digital MARPE Association.<\/p>\n<\/div><\/div><div class=\"asfaq_item asfaq_item_1207\" data-id=\"1207\"><h3 class=\"asfaq_title\">\u00bfC\u00f3mo se realiza el pago para ser miembro y tener acceso a la formaci\u00f3n y a pedir el DMSE?<\/h3><div class=\"asfaq_answer\"><p><a href=\"https:\/\/digitalmarpe.com\/hazte-miembro\/\" rel=\"noopener noreferrer\" target=\"_blank\">PINCHA AQU\u00cd<\/a> y selecciona con que categor\u00eda de miembro quieres comenzar para aprovechar las ofertas de nuevo miembro.<\/p>\n<\/div><\/div><div class=\"asfaq_item asfaq_item_1206\" data-id=\"1206\"><h3 class=\"asfaq_title\">\u00bfEn qu\u00e9 idioma se imparte la formaci\u00f3n?<\/h3><div class=\"asfaq_answer\"><p>La formaci\u00f3n est\u00e1 disponible en espa\u00f1ol.<\/p>\n<\/div><\/div><div class=\"asfaq_item asfaq_item_1205\" data-id=\"1205\"><h3 class=\"asfaq_title\">\u00bfPor qu\u00e9 es necesario la formaci\u00f3n con el Digital MARPE Association para usar el Digital MSE?<\/h3><div class=\"asfaq_answer\"><p>Digital MARPE Association forma a dos tipos de diferentes de profesionales: formaci\u00f3n para laboratorios y formaci\u00f3n para doctores.<\/p>\n<p>La formaci\u00f3n para laboratorios garantiza que dicho laboratorio conoce el proceso de fabricaci\u00f3n digital del DMSE a la perfecci\u00f3n y la forma de comunicarse con el Centro de Planificaci\u00f3n, con los doctores y con el distribuidor. Ademas garantiza que el laboratorio trabaja exclusivamente con el MSE oficial que garantiza la calidad final del DMSE.<\/p>\n<p>La formaci\u00f3n para doctores es necesaria y obligatoria para garantizar que todos los usuarios del DMSE conocen las caracter\u00edsticas del DMSE, saben como funciona el proceso de planificaci\u00f3n virtual, de dise\u00f1o digital y de comunicaci\u00f3n con el Centro de Planificaci\u00f3n, Laboratorio y Distribuidores si fuera preciso. Todo esto se ense\u00f1a en el momento que te haces miembro y se te da acceso a la plataforma de Digital MARPE Association.<\/p>\n<\/div><\/div><div class=\"asfaq_item asfaq_item_1204\" data-id=\"1204\"><h3 class=\"asfaq_title\">\u00bfEn qu\u00e9 consiste la formaci\u00f3n con Digital MARPE Association?<\/h3><div class=\"asfaq_answer\"><p>La formaci\u00f3n con Digital MARPE Association es un curso on-line que est\u00e1 incluido cuando un doctor se hace miembro de la asociaci\u00f3n independientemente de la categor\u00eda seleccionada. De ese modo, se puede garantizar que todos los usuarios del DMSE conocen las caracter\u00edsticas del DMSE, saben como funciona el proceso de planificaci\u00f3n virtual, de dise\u00f1o digital y de comunicaci\u00f3n con el Centro de Planificaci\u00f3n y Laboratorio. Todo esto se ense\u00f1a en la formaci\u00f3n que se entrega inmediatamente tras hacerse miembro.<\/p>\n<p>Tras obtener tu acreditaci\u00f3n como miembro, ya podr\u00e1s comprar tus DMSE y las gu\u00edas para corticopunciones sin ninguna limitaci\u00f3n, formar\u00e1s parte de un grupo de doctores exclusivos que utilizan el DMSE y tendr\u00e1s acceso exclusivo para usuarios del DMSE a la plataforma de planificaci\u00f3n y dise\u00f1o del DMSE.<\/p>\n<\/div><\/div><div class=\"asfaq_item asfaq_item_1203\" data-id=\"1203\"><h3 class=\"asfaq_title\">Quiero ser laboratorio oficial y poder vender DMSE \u00bfC\u00f3mo lo puedo hacer?<\/h3><div class=\"asfaq_answer\"><p>Los laboratorios deben rellenar el formulario de contacto para solicitar su aceptaci\u00f3n como laboratorio oficial. <\/p>\n<p><a href=\"https:\/\/digitalmarpe.com\/contacto\/\" rel=\"noopener noreferrer\" target=\"_blank\">PINCHA AQU\u00cd<\/a> para enviar t\u00fa solicitud como laboratorio. <\/p>\n<\/div><\/div><div class=\"asfaq_item asfaq_item_1202\" data-id=\"1202\"><h3 class=\"asfaq_title\">\u00bfC\u00f3mo me inscribo para ser miembro?<\/h3><div class=\"asfaq_answer\"><p><a href=\"https:\/\/digitalmarpe.com\/hazte-miembro\/\" rel=\"noopener noreferrer\" target=\"_blank\">PINCHA AQU\u00cd<\/a> y selecciona con que categor\u00eda de miembro quieres comenzar para aprovechar las ofertas de nuevo miembro.<\/p>\n<\/div><\/div><div class=\"asfaq_item asfaq_item_1201\" data-id=\"1201\"><h3 class=\"asfaq_title\">\u00bfQue opciones hay para hacerse miembro de DMSE Association?<\/h3><div class=\"asfaq_answer\"><p>Los doctores, tienen cuatro opciones para hacerse miembros. Dependiendo de la categor\u00eda seleccionada, esto permite obtener una serie de beneficios a la hora de comprar y hacer uso del DMSE. <\/p>\n<p><a href=\"https:\/\/digitalmarpe.com\/hazte-miembro\/\" rel=\"noopener noreferrer\" target=\"_blank\">PINCHA AQU\u00cd<\/a> y selecciona con qu\u00e9 categor\u00eda de miembro quieres comenzar para aprovechar las ofertas de nuevo miembro.<\/p>\n<\/div><\/div><div class=\"asfaq_item asfaq_item_278\" data-id=\"278\"><h3 class=\"asfaq_title\">Soy un distribuidor \u00bfC\u00f3mo hago para poder distribuir el DMSE?<\/h3><div class=\"asfaq_answer\"><p>Contacta directamente con el equipo de Digital MARPE a trav\u00e9s del formulario de Contacto.<\/p>\n<\/div><\/div><div class=\"asfaq_item asfaq_item_277\" data-id=\"277\"><h3 class=\"asfaq_title\">Soy un laboratorio \u00bfC\u00f3mo hago para ser un laboratorio oficial y poder vender el DMSE?<\/h3><div class=\"asfaq_answer\"><p>Los laboratorios deben rellenar el formulario de contacto para solicitar su aceptaci\u00f3n como laboratorio oficial. <\/p>\n<\/div><\/div><div class=\"asfaq_item asfaq_item_276\" data-id=\"276\"><h3 class=\"asfaq_title\">\u00bfQu\u00e9 es el mentoring con el Dr. Mompell?<\/h3><div class=\"asfaq_answer\"><p>El mentoring consiste en una cita de 1 hora aproximadamente con el Dr. Mompell. Tiene un precio de 497 \u20ac.<\/p>\n<p>El Dr. Mompell estar\u00e1 encantado de asistirte personalmente si necesitas consejo en cualquier fase del proceso, desde la planificaci\u00f3n hasta la instalaci\u00f3n, pasando por el protocolo de activaci\u00f3n correcto para tu paciente, dise\u00f1o espec\u00edficos o su protocolo de combinaci\u00f3n del D-MSE con tratamientos con alineadores.<\/p>\n<p>Si te haces Miembro VIP, recuerda que tendr\u00e1s incluida una conexi\u00f3n cuando tu elijas con el Dr. Mompell !!<\/p>\n<p>Puedes agendar tu cita con el Dr. Mompell <a href=\"https:\/\/digitalmarpe.com\/formacion\/mentoring-dr-mompell\/\" rel=\"noopener noreferrer\" target=\"_blank\">PINCHANDO AQU\u00cd<\/a><\/p>\n<\/div><\/div><div class=\"asfaq_item asfaq_item_275\" data-id=\"275\"><h3 class=\"asfaq_title\">\u00bfTodo le mundo puede acceder a DMSE Association?<\/h3><div class=\"asfaq_answer\"><p>Todo dentista con inter\u00e9s en en el MSE digital puede acceder a la Asociaci\u00f3n. Ese es el motivo por lo que la formaci\u00f3n inicial es recomendable. Queremos asegurarnos de que todo el mundo conoce el proceso de comunicaci\u00f3n y hace un correcto uso del DMSE.<\/p>\n<\/div><\/div><div class=\"asfaq_item asfaq_item_274\" data-id=\"274\"><h3 class=\"asfaq_title\">\u00bfA qui\u00e9n le tengo que pedir el DMSE, al laboratorio o al distribuidor?<\/h3><div class=\"asfaq_answer\"><p>El proceso de compra y comunicaci\u00f3n se explica detalladamente durante la formaci\u00f3n que recibir\u00e1s tras hacerte miembro de la DMSE ASSOCIATION. <\/p>\n<p>La compra de DMSE se hace al distribuidor de cada pa\u00eds. En el caso de Espa\u00f1a y Portugal, se trata de Cimbis. Cuando se compra el DMSE ya est\u00e1 incluido el precio del dise\u00f1o virtual y del laboratorio. Gracias a este proceso de compra, no tendr\u00e1s que preocuparte por nada. Una vez comprado el DMSE, s\u00f3lo tendr\u00e1s que enviar los registros de tu paciente a Ortosan y ellos recibir\u00e1n el MSE por parte de Cimbis. Por lo que no tendr\u00e1s que tener stock en tu consulta nunca m\u00e1s ni decidir qu\u00e9 MSE comprar sin saber cual ser\u00e1 el mas conveniente en relaci\u00f3n a las medidas para tu paciente. <\/p>\n<\/div><\/div><div class=\"asfaq_item asfaq_item_273\" data-id=\"273\"><h3 class=\"asfaq_title\">\u00bfC\u00f3mo consigo mi primer DMSE?<\/h3><div class=\"asfaq_answer\"><p>Tendr\u00e1s que seguir varios pasos:<\/p>\n<p>1) Hacerte miembro de la DMSE Association. <a href=\"https:\/\/digitalmarpe.com\/hazte-miembro\/\" rel=\"noopener noreferrer\" target=\"_blank\">PINCHA AQU\u00cd<\/a><\/p>\n<p>2) Tras hacerte miembro, recibir\u00e1s tu acceso a la formaci\u00f3n en el uso de DMSE y su fabricaci\u00f3n, donde se explica c\u00f3mo es el proceso de compra. La compra del DMSE se har\u00e1 directamente a CIMBIS. <a href=\"https:\/\/cimbis.es\/\" rel=\"noopener noreferrer\" target=\"_blank\">PINCHA AQUI<\/a><\/p>\n<p>3) Tras haberlo comprado, tendr\u00e1s que enviar los archivos DICOM y la impresion\/STL del paciente al centro de planificaci\u00f3n ORTOSAN. Ellos se encargar\u00e1n del dise\u00f1o virtual. Todo este proceso se explica tambi\u00e9n en la formaci\u00f3n tras hacerse miembro. Para enviar registros a Ortosan <a href=\"https:\/\/ortosan.wetransfer.com\/\" rel=\"noopener noreferrer\" target=\"_blank\">PINCHA AQUI<\/a>.<\/p>\n<p>4) Ortosan se comunicar\u00e1 contigo para finalizar el dise\u00f1o y obtener la aprobaci\u00f3n por tu parte.<\/p>\n<p>5) Recibir\u00e1s el DMSE en tu cl\u00ednica.<\/p>\n<\/div><\/div><div class=\"asfaq_item asfaq_item_272\" data-id=\"272\"><h3 class=\"asfaq_title\">\u00bfHay cursos para aprender el uso amplio del DMSE y de Minimplantes?<\/h3><div class=\"asfaq_answer\"><p>Si quieres formarte m\u00e1s intensamente en el uso del DMSE, as\u00ed como en el uso de mini-implantes te recomendamos el curso de Formaci\u00f3n dentalgram impartido por los Dres. Moon, Mompell y Paik. <a href=\"https:\/\/www.formaciondentalgram.com\/\" rel=\"noopener noreferrer\" target=\"_blank\">www.formaciondentalgram.com<\/a><\/p>\n<\/div><\/div><div class=\"asfaq_item asfaq_item_271\" data-id=\"271\"><h3 class=\"asfaq_title\">\u00bfCu\u00e1ntos centros de Panificaci\u00f3n existen a nivel mundial?<\/h3><div class=\"asfaq_answer\"><p>Actualmente Ortosan se encarga de toda la planificaci\u00f3n a nivel mundial de DMSE.<\/p>\n<\/div><\/div><div class=\"asfaq_item asfaq_item_270\" data-id=\"270\"><h3 class=\"asfaq_title\">\u00bfQui\u00e9n distribuye el MSE en Espa\u00f1a? \u00bfY en otros pa\u00edses?<\/h3><div class=\"asfaq_answer\"><p>Cada pa\u00eds tiene su distribuidor oficial que compra directamente al fabricante que se trata de BMK. En Espa\u00f1a, hay varios distribuidores, sin embargo el \u00daNICO distribuidor con el que se puede hacer el DMSE es Cimbis. Existen otros distribuidores, sin embargo a trav\u00e9s de ellos no se puede obtener el DMSE oficial.<\/p>\n<p>Para hacer tus pedidos, <a href=\"https:\/\/cimbis.es\/\" rel=\"noopener noreferrer\" target=\"_blank\">PINCHA AQU\u00cd <\/a>y accede directamente a la web de compra de Cimbis donde podr\u00e1s comprar tu DMSE. <\/p>\n<p>*** RECUERDA HACERTE MIEMBRO DE LA DIGITAL MSE ASSOCIATION PREVIAMENTE PARA APROVECHAR TODOS LOS DESCUENTOS Y VENTAJAS Y CONOCER COMO ES EL FLUJOP DIGITAL PARA TENRE \u00c9XITO DESDE TU PRIMER DMSE<\/p>\n<\/div><\/div><div class=\"asfaq_item asfaq_item_269\" data-id=\"269\"><h3 class=\"asfaq_title\">\u00bfQu\u00e9 laboratorios est\u00e1n acreditados para realizar el Digital MSE?<\/h3><div class=\"asfaq_answer\"><p>Cada pa\u00eds cuenta con su laboratorio certificado. En Espa\u00f1a y Portugal es Ortosan, que adem\u00e1s coincide que es el Centro de Planificaci\u00f3n a nivel global.<\/p>\n<\/div><\/div><div class=\"asfaq_item asfaq_item_259\" data-id=\"259\"><h3 class=\"asfaq_title\">Qu\u00e9 diferencia hay entre la planificaci\u00f3n digital del DMSE y otras planificaciones?<\/h3><div class=\"asfaq_answer\"><p>La principal diferencia est\u00e1 en la rapidez, sencillez y predictibilidad del propio disyuntor. El MSE es el disyuntor con m\u00e1s literatura cient\u00edfica que lo avala. Por eso usar el MSE de forma digital es una apuesta segura.<\/p>\n<\/div><\/div><div class=\"asfaq_item asfaq_item_258\" data-id=\"258\"><h3 class=\"asfaq_title\">\u00bfQu\u00e9 diferencia hay entre el MSE de otros MARPEs?<\/h3><div class=\"asfaq_answer\"><p><strong>M\u00e9todo digital directo:<\/strong> se trata del primer y \u00fanico MARPE prefabricado que utiliza el propio cuerpo del disyuntor como gu\u00eda para la colocaci\u00f3n de los mini-implantes. Esto simplifica y abarata el proceso y lo convierte en un m\u00e9todo directo que no precisa de gu\u00edas acr\u00edlicas voluminosas para su instalaci\u00f3n, ni de la toma de registros con transfers (m\u00e9todo indirecto) para la planificaci\u00f3n.<\/p>\n<p><strong>R\u00e1pido y preciso de planificar<\/strong>: una vez aprendido el proceso de comunicaci\u00f3n, podr\u00e1s planificarlo tu mismo o simplemente confirmar que los dise\u00f1os elaborados por el laboratorio son correctos, pudiendo dedicar tiempo a atender a tus pacientes.<\/p>\n<p><strong>Control absoluto:<\/strong> t\u00fa ser\u00e1s quien controles el proceso de dise\u00f1o y planificaci\u00f3n de principio a fin. Todo ello de una forma f\u00e1cil y sin tener que invertir apenas tiempo.<\/p>\n<p><strong>Personalizable:<\/strong> Digital-MSE es\u00a0muy personalizable y\u00a0te permitir\u00e1 ajustar cualquier elemento auxiliar que desees incorporar.<\/p>\n<p><strong>Seguro y fiable<\/strong>: Utilizar el MARPE con mayor sustento cient\u00edfico es sin duda una garant\u00eda de seguridad y confianza para ti y la de tus pacientes.<\/p>\n<\/div><\/div><\/div>\n","protected":false},"excerpt":{"rendered":"","protected":false},"author":1,"featured_media":0,"parent":0,"menu_order":0,"comment_status":"closed","ping_status":"closed","template":"","meta":{"footnotes":""},"_links":{"self":[{"href":"https:\/\/dentalgramacademy.com\/en\/wp-json\/wp\/v2\/pages\/666"}],"collection":[{"href":"https:\/\/dentalgramacademy.com\/en\/wp-json\/wp\/v2\/pages"}],"about":[{"href":"https:\/\/dentalgramacademy.com\/en\/wp-json\/wp\/v2\/types\/page"}],"author":[{"embeddable":true,"href":"https:\/\/dentalgramacademy.com\/en\/wp-json\/wp\/v2\/users\/1"}],"replies":[{"embeddable":true,"href":"https:\/\/dentalgramacademy.com\/en\/wp-json\/wp\/v2\/comments?post=666"}],"version-history":[{"count":0,"href":"https:\/\/dentalgramacademy.com\/en\/wp-json\/wp\/v2\/pages\/666\/revisions"}],"wp:attachment":[{"href":"https:\/\/dentalgramacademy.com\/en\/wp-json\/wp\/v2\/media?parent=666"}],"curies":[{"name":"wp","href":"https:\/\/api.w.org\/{rel}","templated":true}]}}